{"id":38,"date":"2023-10-24T18:28:02","date_gmt":"2023-10-24T18:28:02","guid":{"rendered":"https:\/\/afhomesolution.lu\/index.php\/services\/"},"modified":"2024-02-28T15:47:50","modified_gmt":"2024-02-28T15:47:50","slug":"services","status":"publish","type":"page","link":"https:\/\/afhomesolution.lu\/index.php\/services\/","title":{"rendered":"Services"},"content":{"rendered":"\t\t<div data-elementor-type=\"wp-page\" data-elementor-id=\"38\" class=\"elementor elementor-38\">\n\t\t\t\t<div class=\"elementor-element elementor-element-1f0ee332 e-flex e-con-boxed e-con e-parent\" data-id=\"1f0ee332\" data-element_type=\"container\" data-e-type=\"container\">\n\t\t\t\t\t<div class=\"e-con-inner\">\n\t\t<div class=\"elementor-element elementor-element-1fe7a5 e-con-full e-flex e-con e-child\" data-id=\"1fe7a5\" data-element_type=\"container\" data-e-type=\"container\">\n\t\t\t\t<div class=\"elementor-element elementor-element-665275af elementor-widget elementor-widget-call-to-action\" data-id=\"665275af\" data-element_type=\"widget\" data-e-type=\"widget\" data-widget_type=\"call-to-action.default\">\n\t\t\t\t<div class=\"elementor-widget-container\">\n\t\t\t\t\t \t\t\t\t<\/div>\n\t\t\t\t<\/div>\n\t\t\t\t<div class=\"elementor-element elementor-element-328e942f elementor-widget elementor-widget-call-to-action\" data-id=\"328e942f\" data-element_type=\"widget\" data-e-type=\"widget\" data-widget_type=\"call-to-action.default\">\n\t\t\t\t<div class=\"elementor-widget-container\">\n\t\t\t\t\t \t\t\t\t<\/div>\n\t\t\t\t<\/div>\n\t\t\t\t<\/div>\n\t\t<div class=\"elementor-element elementor-element-69dae134 e-con-full e-flex e-con e-child\" data-id=\"69dae134\" data-element_type=\"container\" data-e-type=\"container\">\n\t\t\t\t<div class=\"elementor-element elementor-element-4eec6476 elementor-widget__width-initial elementor-absolute elementor-widget elementor-widget-spacer\" data-id=\"4eec6476\" data-element_type=\"widget\" data-e-type=\"widget\" data-settings=\"{&quot;_position&quot;:&quot;absolute&quot;}\" data-widget_type=\"spacer.default\">\n\t\t\t\t<div class=\"elementor-widget-container\">\n\t\t\t\t\t\t\t<div class=\"elementor-spacer\">\n\t\t\t<div class=\"elementor-spacer-inner\"><\/div>\n\t\t<\/div>\n\t\t\t\t\t\t<\/div>\n\t\t\t\t<\/div>\n\t\t\t\t<div class=\"elementor-element elementor-element-2a55b169 elementor-invisible elementor-widget elementor-widget-heading\" data-id=\"2a55b169\" data-element_type=\"widget\" data-e-type=\"widget\" data-settings=\"{&quot;_animation&quot;:&quot;fadeInUp&quot;}\" data-widget_type=\"heading.default\">\n\t\t\t\t<div class=\"elementor-widget-container\">\n\t\t\t\t\t<h1 class=\"elementor-heading-title elementor-size-default\">Faites de votre maison une \u0153uvre d'art avec notre fa\u00e7ade Trespa<\/h1>\t\t\t\t<\/div>\n\t\t\t\t<\/div>\n\t\t\t\t<div class=\"elementor-element elementor-element-30528f09 elementor-widget elementor-widget-text-editor\" data-id=\"30528f09\" data-element_type=\"widget\" data-e-type=\"widget\" data-widget_type=\"text-editor.default\">\n\t\t\t\t<div class=\"elementor-widget-container\">\n\t\t\t\t\t\t\t\t\t<div class=\"flex-1 overflow-hidden\"><div class=\"react-scroll-to-bottom--css-fgmri-79elbk h-full\"><div class=\"react-scroll-to-bottom--css-fgmri-1n7m0yu\"><div class=\"flex flex-col text-sm gizmo:pb-9 dark:bg-gray-800 gizmo:dark:bg-transparent\"><div class=\"group w-full text-token-text-primary border-b border-black\/10 gizmo:border-0 dark:border-gray-900\/50 gizmo:dark:border-0 bg-gray-50 gizmo:bg-transparent dark:bg-[#444654] gizmo:dark:bg-transparent\" data-testid=\"conversation-turn-22\"><div class=\"p-4 gizmo:py-2 justify-center text-base md:gap-6 md:py-6 m-auto\"><div class=\"flex flex-1 gap-4 text-base mx-auto md:gap-6 gizmo:gap-3 gizmo:md:px-5 gizmo:lg:px-1 gizmo:xl:px-5 md:max-w-2xl lg:max-w-[38rem] gizmo:md:max-w-3xl gizmo:lg:max-w-[40rem] gizmo:xl:max-w-[48rem] xl:max-w-3xl }\"><div class=\"relative flex w-[calc(100%-50px)] flex-col gizmo:w-full lg:w-[calc(100%-115px)] agent-turn\"><div class=\"flex-col gap-1 md:gap-3\"><div class=\"flex flex-grow flex-col gap-3 max-w-full\"><div class=\"min-h-[20px] flex flex-col items-start gap-3 whitespace-pre-wrap break-words overflow-x-auto\" data-message-author-role=\"assistant\" data-message-id=\"72e383c8-d73e-4463-8f43-b5c24d0b0ab7\"><div class=\"markdown prose w-full break-words dark:prose-invert light\"><p>Chez AF Home Solution, nous savons que la fa\u00e7ade d&#8217;une maison joue un r\u00f4le fondamental dans la premi\u00e8re impression qu&#8217;elle donne. C&#8217;est l&#8217;expression ext\u00e9rieure de votre style et de votre personnalit\u00e9, et c&#8217;est pourquoi nous proposons un service de fa\u00e7ade sp\u00e9cialis\u00e9.<\/p><p>Notre \u00e9quipe de professionnels poss\u00e8de l&#8217;exp\u00e9rience n\u00e9cessaire pour transformer la fa\u00e7ade de votre maison et lui donner une allure \u00e9tonnante et accueillante.<\/p><p>Faites confiance \u00e0 AF Home Solution pour transformer la fa\u00e7ade de votre maison en un chef-d&#8217;\u0153uvre qui correspond parfaitement \u00e0 votre style et \u00e0 vos valeurs. Laissez la nature embrasser votre maison et cr\u00e9ez une fa\u00e7ade qui impressionnera et accueillera tous ceux qui la verront.<\/p><\/div><\/div><\/div><\/div><\/div><\/div><\/div><\/div><\/div><\/div><\/div><\/div>\t\t\t\t\t\t\t\t<\/div>\n\t\t\t\t<\/div>\n\t\t\t\t<\/div>\n\t\t\t\t\t<\/div>\n\t\t\t\t<\/div>\n\t\t<div class=\"elementor-element elementor-element-1157ec9 e-flex e-con-boxed e-con e-parent\" data-id=\"1157ec9\" data-element_type=\"container\" data-e-type=\"container\">\n\t\t\t\t\t<div class=\"e-con-inner\">\n\t\t<div class=\"elementor-element elementor-element-370ebda e-con-full e-flex e-con e-child\" data-id=\"370ebda\" data-element_type=\"container\" data-e-type=\"container\">\n\t\t\t\t<div class=\"elementor-element elementor-element-f3bef5a elementor-widget elementor-widget-call-to-action\" data-id=\"f3bef5a\" data-element_type=\"widget\" data-e-type=\"widget\" data-widget_type=\"call-to-action.default\">\n\t\t\t\t<div class=\"elementor-widget-container\">\n\t\t\t\t\t \t\t\t\t<\/div>\n\t\t\t\t<\/div>\n\t\t\t\t<div class=\"elementor-element elementor-element-f215d46 elementor-widget elementor-widget-call-to-action\" data-id=\"f215d46\" data-element_type=\"widget\" data-e-type=\"widget\" data-widget_type=\"call-to-action.default\">\n\t\t\t\t<div class=\"elementor-widget-container\">\n\t\t\t\t\t \t\t\t\t<\/div>\n\t\t\t\t<\/div>\n\t\t\t\t<\/div>\n\t\t<div class=\"elementor-element elementor-element-f8f959f e-con-full e-flex e-con e-child\" data-id=\"f8f959f\" data-element_type=\"container\" data-e-type=\"container\">\n\t\t\t\t<div class=\"elementor-element elementor-element-61bdd0d elementor-widget__width-initial elementor-absolute elementor-widget elementor-widget-spacer\" data-id=\"61bdd0d\" data-element_type=\"widget\" data-e-type=\"widget\" data-settings=\"{&quot;_position&quot;:&quot;absolute&quot;}\" data-widget_type=\"spacer.default\">\n\t\t\t\t<div class=\"elementor-widget-container\">\n\t\t\t\t\t\t\t<div class=\"elementor-spacer\">\n\t\t\t<div class=\"elementor-spacer-inner\"><\/div>\n\t\t<\/div>\n\t\t\t\t\t\t<\/div>\n\t\t\t\t<\/div>\n\t\t\t\t<div class=\"elementor-element elementor-element-f45578d elementor-invisible elementor-widget elementor-widget-heading\" data-id=\"f45578d\" data-element_type=\"widget\" data-e-type=\"widget\" data-settings=\"{&quot;_animation&quot;:&quot;fadeInUp&quot;}\" data-widget_type=\"heading.default\">\n\t\t\t\t<div class=\"elementor-widget-container\">\n\t\t\t\t\t<h1 class=\"elementor-heading-title elementor-size-default\"> Transformez votre espace avec \u00e9l\u00e9gance \u00e0 Pladur !<\/h1>\t\t\t\t<\/div>\n\t\t\t\t<\/div>\n\t\t\t\t<div class=\"elementor-element elementor-element-648959e elementor-widget elementor-widget-text-editor\" data-id=\"648959e\" data-element_type=\"widget\" data-e-type=\"widget\" data-widget_type=\"text-editor.default\">\n\t\t\t\t<div class=\"elementor-widget-container\">\n\t\t\t\t\t\t\t\t\t<div class=\"flex-1 overflow-hidden\"><div class=\"react-scroll-to-bottom--css-fgmri-79elbk h-full\"><div class=\"react-scroll-to-bottom--css-fgmri-1n7m0yu\"><div class=\"flex flex-col text-sm gizmo:pb-9 dark:bg-gray-800 gizmo:dark:bg-transparent\"><div class=\"group w-full text-token-text-primary border-b border-black\/10 gizmo:border-0 dark:border-gray-900\/50 gizmo:dark:border-0 bg-gray-50 gizmo:bg-transparent dark:bg-[#444654] gizmo:dark:bg-transparent\" data-testid=\"conversation-turn-22\"><div class=\"p-4 gizmo:py-2 justify-center text-base md:gap-6 md:py-6 m-auto\"><div class=\"flex flex-1 gap-4 text-base mx-auto md:gap-6 gizmo:gap-3 gizmo:md:px-5 gizmo:lg:px-1 gizmo:xl:px-5 md:max-w-2xl lg:max-w-[38rem] gizmo:md:max-w-3xl gizmo:lg:max-w-[40rem] gizmo:xl:max-w-[48rem] xl:max-w-3xl }\"><div class=\"relative flex w-[calc(100%-50px)] flex-col gizmo:w-full lg:w-[calc(100%-115px)] agent-turn\"><div class=\"flex-col gap-1 md:gap-3\"><div class=\"flex flex-grow flex-col gap-3 max-w-full\"><div class=\"min-h-[20px] flex flex-col items-start gap-3 whitespace-pre-wrap break-words overflow-x-auto\" data-message-author-role=\"assistant\" data-message-id=\"72e383c8-d73e-4463-8f43-b5c24d0b0ab7\"><div class=\"markdown prose w-full break-words dark:prose-invert light\"><ul><li><strong>Cloisons et lambris :<\/strong> Cr\u00e9ez des environnements personnalis\u00e9s et optimisez l&#8217;espace avec nos cloisons Pladur, parfaites pour les bureaux, les salons et bien plus encore.<br \/><strong>Faux plafonds :<\/strong> Ajoutez une touche de sophistication avec les faux plafonds Pladur, qui offrent un \u00e9clairage encastr\u00e9 et un design contemporain.<br \/><strong>Isolation acoustique et thermique :<\/strong> Am\u00e9liorez le confort acoustique et thermique de votre maison gr\u00e2ce \u00e0 nos solutions efficaces et \u00e9l\u00e9gantes.<\/li><\/ul><\/div><\/div><\/div><\/div><\/div><\/div><\/div><\/div><\/div><\/div><\/div><\/div>\t\t\t\t\t\t\t\t<\/div>\n\t\t\t\t<\/div>\n\t\t\t\t<\/div>\n\t\t\t\t\t<\/div>\n\t\t\t\t<\/div>\n\t\t<div class=\"elementor-element elementor-element-725227d e-flex e-con-boxed e-con e-parent\" data-id=\"725227d\" data-element_type=\"container\" data-e-type=\"container\">\n\t\t\t\t\t<div class=\"e-con-inner\">\n\t\t<div class=\"elementor-element elementor-element-c57de50 e-con-full e-flex e-con e-child\" data-id=\"c57de50\" data-element_type=\"container\" data-e-type=\"container\">\n\t\t\t\t<div class=\"elementor-element elementor-element-b0635c0 elementor-widget elementor-widget-call-to-action\" data-id=\"b0635c0\" data-element_type=\"widget\" data-e-type=\"widget\" data-widget_type=\"call-to-action.default\">\n\t\t\t\t<div class=\"elementor-widget-container\">\n\t\t\t\t\t \t\t\t\t<\/div>\n\t\t\t\t<\/div>\n\t\t\t\t<div class=\"elementor-element elementor-element-d5e9bf4 elementor-widget elementor-widget-call-to-action\" data-id=\"d5e9bf4\" data-element_type=\"widget\" data-e-type=\"widget\" data-widget_type=\"call-to-action.default\">\n\t\t\t\t<div class=\"elementor-widget-container\">\n\t\t\t\t\t \t\t\t\t<\/div>\n\t\t\t\t<\/div>\n\t\t\t\t<\/div>\n\t\t<div class=\"elementor-element elementor-element-6c0bf01 e-con-full e-flex e-con e-child\" data-id=\"6c0bf01\" data-element_type=\"container\" data-e-type=\"container\">\n\t\t\t\t<div class=\"elementor-element elementor-element-da659ec elementor-widget__width-initial elementor-absolute elementor-widget elementor-widget-spacer\" data-id=\"da659ec\" data-element_type=\"widget\" data-e-type=\"widget\" data-settings=\"{&quot;_position&quot;:&quot;absolute&quot;}\" data-widget_type=\"spacer.default\">\n\t\t\t\t<div class=\"elementor-widget-container\">\n\t\t\t\t\t\t\t<div class=\"elementor-spacer\">\n\t\t\t<div class=\"elementor-spacer-inner\"><\/div>\n\t\t<\/div>\n\t\t\t\t\t\t<\/div>\n\t\t\t\t<\/div>\n\t\t\t\t<div class=\"elementor-element elementor-element-68c49fb elementor-invisible elementor-widget elementor-widget-heading\" data-id=\"68c49fb\" data-element_type=\"widget\" data-e-type=\"widget\" data-settings=\"{&quot;_animation&quot;:&quot;fadeInUp&quot;}\" data-widget_type=\"heading.default\">\n\t\t\t\t<div class=\"elementor-widget-container\">\n\t\t\t\t\t<h1 class=\"elementor-heading-title elementor-size-default\">\u00c9lever votre espace avec des escaliers int\u00e9rieurs d'excellence<\/h1>\t\t\t\t<\/div>\n\t\t\t\t<\/div>\n\t\t\t\t<div class=\"elementor-element elementor-element-c26060e elementor-widget elementor-widget-text-editor\" data-id=\"c26060e\" data-element_type=\"widget\" data-e-type=\"widget\" data-widget_type=\"text-editor.default\">\n\t\t\t\t<div class=\"elementor-widget-container\">\n\t\t\t\t\t\t\t\t\t<div class=\"flex-1 overflow-hidden\"><div class=\"react-scroll-to-bottom--css-fgmri-79elbk h-full\"><div class=\"react-scroll-to-bottom--css-fgmri-1n7m0yu\"><div class=\"flex flex-col text-sm gizmo:pb-9 dark:bg-gray-800 gizmo:dark:bg-transparent\"><div class=\"group w-full text-token-text-primary border-b border-black\/10 gizmo:border-0 dark:border-gray-900\/50 gizmo:dark:border-0 bg-gray-50 gizmo:bg-transparent dark:bg-[#444654] gizmo:dark:bg-transparent\" data-testid=\"conversation-turn-22\"><div class=\"p-4 gizmo:py-2 justify-center text-base md:gap-6 md:py-6 m-auto\"><div class=\"flex flex-1 gap-4 text-base mx-auto md:gap-6 gizmo:gap-3 gizmo:md:px-5 gizmo:lg:px-1 gizmo:xl:px-5 md:max-w-2xl lg:max-w-[38rem] gizmo:md:max-w-3xl gizmo:lg:max-w-[40rem] gizmo:xl:max-w-[48rem] xl:max-w-3xl }\"><div class=\"relative flex w-[calc(100%-50px)] flex-col gizmo:w-full lg:w-[calc(100%-115px)] agent-turn\"><div class=\"flex-col gap-1 md:gap-3\"><div class=\"flex flex-grow flex-col gap-3 max-w-full\"><div class=\"min-h-[20px] flex flex-col items-start gap-3 whitespace-pre-wrap break-words overflow-x-auto\" data-message-author-role=\"assistant\" data-message-id=\"72e383c8-d73e-4463-8f43-b5c24d0b0ab7\"><div class=\"markdown prose w-full break-words dark:prose-invert light\"><ul><li><strong>Escaliers personnalis\u00e9s :<\/strong> Nous concevons et installons des escaliers sur mesure qui s&#8217;adaptent parfaitement \u00e0 l&#8217;esth\u00e9tique et \u00e0 l&#8217;agencement de votre espace.<br \/><strong>Escaliers flottants :<\/strong> Ajoutez une touche de modernit\u00e9 avec des escaliers qui semblent flotter, ajoutant un \u00e9l\u00e9ment audacieux \u00e0 votre int\u00e9rieur.<br \/><strong>Mains courantes et garde-corps :<\/strong> Compl\u00e9tez votre escalier avec des mains courantes \u00e9l\u00e9gantes et des garde-corps s\u00fbrs, alliant style et s\u00e9curit\u00e9.<\/li><\/ul><\/div><\/div><\/div><\/div><\/div><\/div><\/div><\/div><\/div><\/div><\/div><\/div>\t\t\t\t\t\t\t\t<\/div>\n\t\t\t\t<\/div>\n\t\t\t\t<\/div>\n\t\t\t\t\t<\/div>\n\t\t\t\t<\/div>\n\t\t<div class=\"elementor-element elementor-element-d9c073c e-flex e-con-boxed e-con e-parent\" data-id=\"d9c073c\" data-element_type=\"container\" data-e-type=\"container\">\n\t\t\t\t\t<div class=\"e-con-inner\">\n\t\t<div class=\"elementor-element elementor-element-4e8c77c e-con-full e-flex e-con e-child\" data-id=\"4e8c77c\" data-element_type=\"container\" data-e-type=\"container\">\n\t\t\t\t<div class=\"elementor-element elementor-element-465973a elementor-widget elementor-widget-call-to-action\" data-id=\"465973a\" data-element_type=\"widget\" data-e-type=\"widget\" data-widget_type=\"call-to-action.default\">\n\t\t\t\t<div class=\"elementor-widget-container\">\n\t\t\t\t\t \t\t\t\t<\/div>\n\t\t\t\t<\/div>\n\t\t\t\t<div class=\"elementor-element elementor-element-2194d05 elementor-widget elementor-widget-call-to-action\" data-id=\"2194d05\" data-element_type=\"widget\" data-e-type=\"widget\" data-widget_type=\"call-to-action.default\">\n\t\t\t\t<div class=\"elementor-widget-container\">\n\t\t\t\t\t \t\t\t\t<\/div>\n\t\t\t\t<\/div>\n\t\t\t\t<\/div>\n\t\t<div class=\"elementor-element elementor-element-85fb21c e-con-full e-flex e-con e-child\" data-id=\"85fb21c\" data-element_type=\"container\" data-e-type=\"container\">\n\t\t\t\t<div class=\"elementor-element elementor-element-bc1a863 elementor-widget__width-initial elementor-absolute elementor-widget elementor-widget-spacer\" data-id=\"bc1a863\" data-element_type=\"widget\" data-e-type=\"widget\" data-settings=\"{&quot;_position&quot;:&quot;absolute&quot;}\" data-widget_type=\"spacer.default\">\n\t\t\t\t<div class=\"elementor-widget-container\">\n\t\t\t\t\t\t\t<div class=\"elementor-spacer\">\n\t\t\t<div class=\"elementor-spacer-inner\"><\/div>\n\t\t<\/div>\n\t\t\t\t\t\t<\/div>\n\t\t\t\t<\/div>\n\t\t\t\t<div class=\"elementor-element elementor-element-91a3b55 elementor-invisible elementor-widget elementor-widget-heading\" data-id=\"91a3b55\" data-element_type=\"widget\" data-e-type=\"widget\" data-settings=\"{&quot;_animation&quot;:&quot;fadeInUp&quot;}\" data-widget_type=\"heading.default\">\n\t\t\t\t<div class=\"elementor-widget-container\">\n\t\t\t\t\t<h1 class=\"elementor-heading-title elementor-size-default\">Transforme Seu Espa\u00e7o: Especialistas em Coloca\u00e7\u00e3o de Portas e Parquet<\/h1>\t\t\t\t<\/div>\n\t\t\t\t<\/div>\n\t\t\t\t<div class=\"elementor-element elementor-element-43cc5ed elementor-widget elementor-widget-text-editor\" data-id=\"43cc5ed\" data-element_type=\"widget\" data-e-type=\"widget\" data-widget_type=\"text-editor.default\">\n\t\t\t\t<div class=\"elementor-widget-container\">\n\t\t\t\t\t\t\t\t\t<p><strong>Installation de portes int\u00e9rieures et ext\u00e9rieures<\/strong> :<\/p><p>S\u00e9lection minutieuse de portes de haute qualit\u00e9 adapt\u00e9es \u00e0 votre style.<br \/>Installation professionnelle pour garantir un ajustement et une fonctionnalit\u00e9 parfaits.<br \/>Options personnalis\u00e9es pour r\u00e9pondre \u00e0 vos pr\u00e9f\u00e9rences esth\u00e9tiques.<br \/><strong>Installation de parquets :<\/strong><\/p><p>Diverses options de parquet pour s&#8217;adapter \u00e0 tous les styles de d\u00e9coration.<br \/>Installation pr\u00e9cise pour garantir la durabilit\u00e9 et un aspect impeccable.<br \/>Conseils d&#8217;experts pour choisir le parquet id\u00e9al pour votre espace.<\/p>\t\t\t\t\t\t\t\t<\/div>\n\t\t\t\t<\/div>\n\t\t\t\t<\/div>\n\t\t\t\t\t<\/div>\n\t\t\t\t<\/div>\n\t\t<div class=\"elementor-element elementor-element-3d0e2eb7 e-con-full e-flex e-con e-parent\" data-id=\"3d0e2eb7\" data-element_type=\"container\" data-e-type=\"container\">\n\t\t<div class=\"elementor-element elementor-element-4e690a32 e-con-full e-flex e-con e-child\" data-id=\"4e690a32\" data-element_type=\"container\" data-e-type=\"container\" data-settings=\"{&quot;background_background&quot;:&quot;classic&quot;}\">\n\t\t\t\t<\/div>\n\t\t<div class=\"elementor-element elementor-element-505c9354 e-con-full e-flex e-con e-child\" data-id=\"505c9354\" data-element_type=\"container\" data-e-type=\"container\" data-settings=\"{&quot;background_background&quot;:&quot;classic&quot;}\">\n\t\t\t\t<div class=\"elementor-element elementor-element-25cda92a elementor-widget elementor-widget-heading\" data-id=\"25cda92a\" data-element_type=\"widget\" data-e-type=\"widget\" data-widget_type=\"heading.default\">\n\t\t\t\t<div class=\"elementor-widget-container\">\n\t\t\t\t\t<h2 class=\"elementor-heading-title elementor-size-default\">Prendre contact avec nous<\/h2>\t\t\t\t<\/div>\n\t\t\t\t<\/div>\n\t\t\t\t<div class=\"elementor-element elementor-element-5d58519e elementor-widget elementor-widget-heading\" data-id=\"5d58519e\" data-element_type=\"widget\" data-e-type=\"widget\" data-widget_type=\"heading.default\">\n\t\t\t\t<div class=\"elementor-widget-container\">\n\t\t\t\t\t<p class=\"elementor-heading-title elementor-size-default\">Pour tous vos besoins li\u00e9s \u00e0 la maison, nous sommes l\u00e0 pour vous aider. Contactez-nous d\u00e8s maintenant et d\u00e9couvrez comment AF Home Solution peut rendre votre maison encore meilleure. Nous sommes impatients de vous entendre et de vous proposer des solutions personnalis\u00e9es pour r\u00e9pondre \u00e0 vos attentes.<\/p>\t\t\t\t<\/div>\n\t\t\t\t<\/div>\n\t\t\t\t<div class=\"elementor-element elementor-element-365ee199 elementor-widget elementor-widget-form\" data-id=\"365ee199\" data-element_type=\"widget\" data-e-type=\"widget\" data-widget_type=\"form.default\">\n\t\t\t\t<div class=\"elementor-widget-container\">\n\t\t\t\t\t \t\t\t\t<\/div>\n\t\t\t\t<\/div>\n\t\t\t\t<\/div>\n\t\t\t\t<\/div>\n\t\t\t\t<\/div>\n\t\t","protected":false},"excerpt":{"rendered":"<p>Faites de votre maison une \u0153uvre d&#8217;art avec notre fa\u00e7ade Trespa Chez AF Home Solution, nous savons que la fa\u00e7ade d&#8217;une maison joue un r\u00f4le fondamental dans la premi\u00e8re impression qu&#8217;elle donne. C&#8217;est l&#8217;expression ext\u00e9rieure de votre style et de votre personnalit\u00e9, et c&#8217;est pourquoi nous proposons un service de fa\u00e7ade sp\u00e9cialis\u00e9. Notre \u00e9quipe de [&hellip;]<\/p>\n","protected":false},"author":1,"featured_media":0,"parent":0,"menu_order":0,"comment_status":"closed","ping_status":"closed","template":"elementor_header_footer","meta":{"footnotes":""},"class_list":["post-38","page","type-page","status-publish","hentry"],"aioseo_notices":[],"_links":{"self":[{"href":"https:\/\/afhomesolution.lu\/index.php\/wp-json\/wp\/v2\/pages\/38","targetHints":{"allow":["GET"]}}],"collection":[{"href":"https:\/\/afhomesolution.lu\/index.php\/wp-json\/wp\/v2\/pages"}],"about":[{"href":"https:\/\/afhomesolution.lu\/index.php\/wp-json\/wp\/v2\/types\/page"}],"author":[{"embeddable":true,"href":"https:\/\/afhomesolution.lu\/index.php\/wp-json\/wp\/v2\/users\/1"}],"replies":[{"embeddable":true,"href":"https:\/\/afhomesolution.lu\/index.php\/wp-json\/wp\/v2\/comments?post=38"}],"version-history":[{"count":43,"href":"https:\/\/afhomesolution.lu\/index.php\/wp-json\/wp\/v2\/pages\/38\/revisions"}],"predecessor-version":[{"id":260,"href":"https:\/\/afhomesolution.lu\/index.php\/wp-json\/wp\/v2\/pages\/38\/revisions\/260"}],"wp:attachment":[{"href":"https:\/\/afhomesolution.lu\/index.php\/wp-json\/wp\/v2\/media?parent=38"}],"curies":[{"name":"wp","href":"https:\/\/api.w.org\/{rel}","templated":true}]}}